{"id":2,"date":"2021-01-27T17:35:57","date_gmt":"2021-01-27T16:35:57","guid":{"rendered":"https:\/\/www.gundlach-automotive.com\/oxxo-wheels\/?page_id=2"},"modified":"2021-01-27T17:48:55","modified_gmt":"2021-01-27T16:48:55","slug":"start","status":"publish","type":"page","link":"https:\/\/oxxo-wheels.stage.blindwerk.de\/de\/","title":{"rendered":"Willkommen bei OXXO Alloy Wheels"},"content":{"rendered":"\n<p>OXXO \u2013 so kurz und pr\u00e4gnant die Marke klingt, so unkompliziert ist die Montage der Produkte ans KFZ. Durch ABEs f\u00fcr nahezu alle Anwendungen und sogar ECE-Freigaben ist OXXO die \u201cPlug &amp; Play L\u00f6sung\u201d im Aluradbereich.<\/p>\n\n\n\n<blockquote class=\"wp-block-quote is-layout-flow wp-block-quote-is-layout-flow\"><p>Optimal also f\u00fcr den passionierten Autofahrer, der ohne gro\u00dfe Umbauma\u00dfnahmen und T\u00dcV-Eintragungen seine Individualit\u00e4t ausdr\u00fccken m\u00f6chte.<\/p><\/blockquote>\n\n\n\n<p>Egal ob in sattem Mattschwarz oder strahlendem Silber: ab\u00adge\u00adgrun\u00addet werden die modernen Designs durch edelste Lacke und beste Verarbeitung der Farb\u00adkomponenten bei allen Produkten.<\/p>\n\n\n\n<blockquote class=\"wp-block-quote is-layout-flow wp-block-quote-is-layout-flow\"><p>Der OXXO-Beweis: auf alle volllackierten R\u00e4der besteht ganze vier Jahre Herstellergarantie! Technisch einfach \u2013 top im Design \u2013 qualitativ in der ersten Liga: Das macht OXXO zur idealen Wahl f\u00fcr alle, die das Besondere suchen und trotzdem auf einfache Technik nicht verzichten m\u00f6chten.<\/p><\/blockquote>\n","protected":false},"excerpt":{"rendered":"<p>OXXO \u2013 so kurz und pr\u00e4gnant die Marke klingt, so unkompliziert ist die Montage der Produkte ans KFZ. Durch ABEs f\u00fcr nahezu alle Anwendungen und sogar ECE-Freigaben ist OXXO die \u201cPlug &amp; Play L\u00f6sung\u201d im Aluradbereich. Optimal also f\u00fcr den passionierten Autofahrer, der ohne gro\u00dfe Umbauma\u00dfnahmen und T\u00dcV-Eintragungen seine Individualit\u00e4t ausdr\u00fccken m\u00f6chte. Egal ob in [&hellip;]<\/p>\n","protected":false},"author":1,"featured_media":0,"parent":0,"menu_order":1,"comment_status":"closed","ping_status":"closed","template":"","meta":{"footnotes":""},"class_list":["post-2","page","type-page","status-publish","hentry"],"_links":{"self":[{"href":"https:\/\/oxxo-wheels.stage.blindwerk.de\/de\/wp-json\/wp\/v2\/pages\/2","targetHints":{"allow":["GET"]}}],"collection":[{"href":"https:\/\/oxxo-wheels.stage.blindwerk.de\/de\/wp-json\/wp\/v2\/pages"}],"about":[{"href":"https:\/\/oxxo-wheels.stage.blindwerk.de\/de\/wp-json\/wp\/v2\/types\/page"}],"author":[{"embeddable":true,"href":"https:\/\/oxxo-wheels.stage.blindwerk.de\/de\/wp-json\/wp\/v2\/users\/1"}],"replies":[{"embeddable":true,"href":"https:\/\/oxxo-wheels.stage.blindwerk.de\/de\/wp-json\/wp\/v2\/comments?post=2"}],"version-history":[{"count":3,"href":"https:\/\/oxxo-wheels.stage.blindwerk.de\/de\/wp-json\/wp\/v2\/pages\/2\/revisions"}],"predecessor-version":[{"id":32,"href":"https:\/\/oxxo-wheels.stage.blindwerk.de\/de\/wp-json\/wp\/v2\/pages\/2\/revisions\/32"}],"wp:attachment":[{"href":"https:\/\/oxxo-wheels.stage.blindwerk.de\/de\/wp-json\/wp\/v2\/media?parent=2"}],"curies":[{"name":"wp","href":"https:\/\/api.w.org\/{rel}","templated":true}]}}